{"id":55,"date":"2021-09-20T20:11:41","date_gmt":"2021-09-20T20:11:41","guid":{"rendered":"https:\/\/acabado.broncotime.info\/?page_id=55"},"modified":"2021-09-20T20:11:41","modified_gmt":"2021-09-20T20:11:41","slug":"project-24","status":"publish","type":"page","link":"https:\/\/surviveua.com\/de\/project-24\/","title":{"rendered":"Informationsseite"},"content":{"rendered":"<div class=\"wp-block-columns is-layout-flex wp-container-core-columns-is-layout-9d6595d7 wp-block-columns-is-layout-flex\">\n<div class=\"wp-block-column is-layout-flow wp-block-column-is-layout-flow\">\n<figure class=\"wp-block-image\"><img decoding=\"async\" src=\"https:\/\/incomeschool.com\/wp-content\/uploads\/2018\/10\/032.png\" alt=\"\" class=\"wp-image-4103\" title=\"\"\/><\/figure>\n\n\n\n<h2 class=\"wp-block-heading\">Unser Schritt-f\u00fcr-Schritt-Ansatz f\u00fcr profitable Nischenseiten und YouTube-Kan\u00e4le<\/h2>\n\n\n\n<p>Dutzende leicht gemachte Fehler k\u00f6nnten Ihre Website v\u00f6llig lahmlegen. Sie erhalten ein Schritt-f\u00fcr-Schritt-System, das Sie befolgen m\u00fcssen, um Fehler zu vermeiden.<\/p>\n\n\n\n<p><\/p>\n<\/div>\n\n\n\n<div class=\"wp-block-column is-layout-flow wp-block-column-is-layout-flow\">\n<figure class=\"wp-block-image\"><img decoding=\"async\" src=\"https:\/\/incomeschool.com\/wp-content\/uploads\/2018\/10\/032.png\" alt=\"\" class=\"wp-image-4103\" title=\"\"\/><\/figure>\n\n\n\n<h2 class=\"wp-block-heading\">Podcast nur f\u00fcr Mitglieder, um Ihnen die neuesten Techniken zu vermitteln<\/h2>\n\n\n\n<p>Die neuesten SEO-, Marketing- und Monetarisierungsstrategien kennen Sie aus dem nur f\u00fcr Mitglieder zug\u00e4nglichen Podcast von Jim und Ricky.<\/p>\n<\/div>\n<\/div>\n\n\n\n<div class=\"wp-block-columns is-layout-flex wp-container-core-columns-is-layout-9d6595d7 wp-block-columns-is-layout-flex\">\n<div class=\"wp-block-column is-layout-flow wp-block-column-is-layout-flow\">\n<figure class=\"wp-block-image\"><img decoding=\"async\" src=\"https:\/\/incomeschool.com\/wp-content\/uploads\/2018\/10\/032.png\" alt=\"\" class=\"wp-image-4103\" title=\"\"\/><\/figure>\n\n\n\n<h2 class=\"wp-block-heading\">Eine Gemeinschaft von Menschen wie Ihnen, die hinter Ihnen stehen<\/h2>\n\n\n\n<p>Sie werden mit Problemen konfrontiert sein, von SEO-Fragen \u00fcber technische Probleme bis hin zu Entmutigung. Die Community wird sie in k\u00fcrzester Zeit f\u00fcr Sie reparieren.<\/p>\n<\/div>\n\n\n\n<div class=\"wp-block-column is-layout-flow wp-block-column-is-layout-flow\">\n<figure class=\"wp-block-image\"><img decoding=\"async\" src=\"https:\/\/incomeschool.com\/wp-content\/uploads\/2018\/10\/032.png\" alt=\"\" class=\"wp-image-4103\" title=\"\"\/><\/figure>\n\n\n\n<h2 class=\"wp-block-heading\">Eine wachsende Bibliothek an Kursen, um zu lernen, wie man erfolgreich ist<\/h2>\n\n\n\n<p>Sie erhalten Zugriff nicht nur auf einen Kurs, sondern auf eine vollst\u00e4ndige Bibliothek. Sie werden sich nie fragen, wie Sie die n\u00e4chste Phase Ihres Blogs angehen sollen.<\/p>\n<\/div>\n<\/div>\n\n\n\n<div class=\"wp-block-buttons is-content-justification-center is-vertical is-layout-flex wp-block-buttons-is-layout-flex\">\n<div class=\"wp-block-button has-custom-width wp-block-button__width-50 is-style-fill\"><a class=\"wp-block-button__link has-white-color has-vivid-cyan-blue-to-vivid-purple-gradient-background has-text-color has-background\" href=\"https:\/\/incomeschool.com\/project24\/\" style=\"border-radius:6px\" target=\"_blank\" rel=\"noreferrer noopener\">Erfahren Sie mehr<\/a><\/div>\n<\/div>\n\n\n\n<h2 class=\"has-text-align-center wp-block-heading\">Mit 265 Videos, 75 Lektionen und 154 Podcasts ist bei Project 24 f\u00fcr jeden etwas dabei.<\/h2>\n\n\n\n<h3 class=\"wp-block-heading\">F\u00fcr Anf\u00e4nger<\/h3>\n\n\n\n<p>F\u00fcr diejenigen unter Ihnen, die zum ersten Mal mit einem Blog beginnen, finden Sie hier eine Schritt-f\u00fcr-Schritt-Anleitung, die Sie durch alles f\u00fchrt, was Sie f\u00fcr eine erfolgreiche Website tun m\u00fcssen. Sie erfahren, wie Sie WordPress einrichten, die richtigen Plugins installieren, Ihre Website f\u00fcr SEO einrichten und die richtigen Inhalte schreiben, um zuverl\u00e4ssig Traffic zu generieren.<\/p>\n\n\n\n<h3 class=\"wp-block-heading\">F\u00fcr fortgeschrittene Internet-Vermarkter<\/h3>\n\n\n\n<p>Im Project 24 Podcast lernen Sie die aktuellsten Internet-Marketingtechniken kennen. Jim und Ricky erz\u00e4hlen in der ersten Staffel, wie sie Camper Report von $2.000\/Monat genommen und die Monetarisierung ge\u00e4ndert haben, um sie auf $8.000 pro Monat zu bringen.<\/p>\n\n\n\n<p>In Staffel 2 des Podcasts teilen sie ALLES \u00fcber Project Rexburg: Kosten f\u00fcr das Schreiben eines Artikels, wie man mit freiberuflichen Autoren skaliert und mehr. Sie erfahren, wie Sie Ihren Blogging-Betrieb ausbauen k\u00f6nnen. Aber es gibt noch viel mehr. Viele der Kurse in Project 24 sind absolut auf Sie anwendbar. Besonders wichtig ist der Kurs zur Monetarisierung mit Anzeigen, SEO und anderen.<\/p>\n\n\n\n<p>Der 60-stufige Prozess zum Erstellen einer Website umfasst viele Schritte, die Sie im Handumdrehen durchlaufen k\u00f6nnen (z. B. die Einrichtung von WordPress), enth\u00e4lt aber auch wichtige Dinge, die f\u00fcr Sie neu sind. Jim und Ricky haben mehrere Videos, die ihren genauen Keyword-Rechercheprozess zeigen und zeigen, welche Arten von Keywords f\u00fcr sie die besten Ergebnisse erzielen.<\/p>\n\n\n\n<h3 class=\"wp-block-heading\">F\u00fcr diejenigen, die es versucht haben und gescheitert sind<\/h3>\n\n\n\n<p>Eine der gr\u00f6\u00dften Gruppen von Menschen in Project 24 sind diejenigen, die es mit Internetmarketing und der Teilnahme an Kursen von \u201eGurus\u201c versucht haben und gescheitert sind. Wir h\u00f6ren st\u00e4ndig von ihnen und es ist wirklich aufregend, wenn wir von einigen von ihnen h\u00f6ren, denen es endlich gelingt.<\/p>\n\n\n\n<p>Projekt 24 ist ein schrittweiser Prozess. Es gibt SO viele kleine Dinge, an die Sie sich erinnern und die Sie richtig machen m\u00fcssen, wenn Sie wollen, dass eine Website erfolgreich ist, und obwohl viele Kurse gute Tipps geben, lassen sie Sie im Stich, weil sie andere wichtige Details \u00fcberspringen.<\/p>\n\n\n\n<p>Hunderte von Menschen haben Projekt 24 durchlaufen. Jedes Mal, wenn Ricky oder Jim eine ihrer Websites sehen und etwas \u00fcbersehen haben, kehren sie zu den 60 Schritten zur\u00fcck und stellen sicher, dass es dort enthalten ist, damit niemand diesen Fehler noch einmal macht. Der Kurs erh\u00e4lt fast w\u00f6chentlich Updates.<\/p>\n\n\n\n<p>Wir wissen, dass Sie an diesem Punkt in Bezug auf Internet-Marketing abgestumpft sind, aber Sie WISSEN, dass darin ein riesiges Potenzial steckt. Wir haben vielen Menschen in genau derselben Situation zum Erfolg verholfen. Lassen Sie uns f\u00fcr Sie arbeiten.<\/p>\n\n\n\n<div class=\"wp-block-buttons is-content-justification-center is-vertical is-layout-flex wp-block-buttons-is-layout-flex\">\n<div class=\"wp-block-button has-custom-width wp-block-button__width-50 is-style-fill\"><a class=\"wp-block-button__link has-white-color has-vivid-cyan-blue-to-vivid-purple-gradient-background has-text-color has-background\" href=\"https:\/\/incomeschool.com\/project24\/\" style=\"border-radius:6px\" target=\"_blank\" rel=\"noreferrer noopener\">Erfahren Sie mehr<\/a><\/div>\n<\/div>","protected":false},"excerpt":{"rendered":"<p>Unser Schritt-f\u00fcr-Schritt-Ansatz f\u00fcr profitable Nischenseiten und YouTube-Kan\u00e4le Dutzende leicht zu machende Fehler k\u00f6nnten Ihre Seite komplett zum Stillstand bringen. Sie erhalten ein Schritt-f\u00fcr-Schritt-System, dem Sie folgen k\u00f6nnen, um Fehler zu vermeiden. Nur f\u00fcr Mitglieder<\/p>","protected":false},"author":1,"featured_media":0,"parent":0,"menu_order":0,"comment_status":"closed","ping_status":"closed","template":"","meta":{"footnotes":""},"class_list":["post-55","page","type-page","status-publish","hentry"],"featured_image_src":null,"acf":[],"_links":{"self":[{"href":"https:\/\/surviveua.com\/de\/wp-json\/wp\/v2\/pages\/55","targetHints":{"allow":["GET"]}}],"collection":[{"href":"https:\/\/surviveua.com\/de\/wp-json\/wp\/v2\/pages"}],"about":[{"href":"https:\/\/surviveua.com\/de\/wp-json\/wp\/v2\/types\/page"}],"author":[{"embeddable":true,"href":"https:\/\/surviveua.com\/de\/wp-json\/wp\/v2\/users\/1"}],"replies":[{"embeddable":true,"href":"https:\/\/surviveua.com\/de\/wp-json\/wp\/v2\/comments?post=55"}],"version-history":[{"count":0,"href":"https:\/\/surviveua.com\/de\/wp-json\/wp\/v2\/pages\/55\/revisions"}],"wp:attachment":[{"href":"https:\/\/surviveua.com\/de\/wp-json\/wp\/v2\/media?parent=55"}],"curies":[{"name":"wp","href":"https:\/\/api.w.org\/{rel}","templated":true}]}}