{"id":22,"date":"2021-09-02T19:43:02","date_gmt":"2021-09-02T19:43:02","guid":{"rendered":"https:\/\/acabado.broncotime.info\/?page_id=22"},"modified":"2024-01-15T10:37:17","modified_gmt":"2024-01-15T10:37:17","slug":"about-us","status":"publish","type":"page","link":"https:\/\/surviveua.com\/de\/about-us\/","title":{"rendered":"\u00dcber Survive UA"},"content":{"rendered":"<p>Willkommen bei SurviveUA.com, Ihrem aufschlussreichen Fenster zum Erfolg inmitten der Widrigkeiten in der Ukraine.<\/p>\n\n\n\n<h3 class=\"wp-block-heading\">Wer bin ich?<\/h3>\n\n\n\n<p>Hallo, ich bin Stefan \u2013 ein seit einem Jahrzehnt in der Ukraine lebender Mensch mit einer Geschichte, die so reich und vielf\u00e4ltig ist wie die Geschichte des Landes. In den letzten zehn Jahren habe ich H\u00f6hen und Tiefen \u00fcberstanden und aus erster Hand die Widerstandsf\u00e4higkeit seiner Menschen und die Lehren erlebt, die sich aus dem \u00dcberleben einiger der turbulentesten Ereignisse ergeben.<\/p>\n\n\n\n<h3 class=\"wp-block-heading\">Meine Reise in die Ukraine:<\/h3>\n\n\n\n<p>Von den elektrisierenden Tagen der Revolutionen bis zu den herzzerrei\u00dfenden Zeiten der Kriege, vom wirtschaftlichen Abschwung bis zu globalen Pandemien war die Ukraine ein Schmelztiegel der Erfahrungen. Jede Krise brachte einzigartige Herausforderungen mit sich, bot aber auch M\u00f6glichkeiten zum Lernen, zur Anpassung und zum gest\u00e4rkten Aufstieg.<\/p>\n\n\n\n<h3 class=\"wp-block-heading\">Worum geht es bei SurviveUA.com?<\/h3>\n\n\n\n<p>SurviveUA.com ist mehr als nur ein Blog \u2013 es ist ein Beweis f\u00fcr die F\u00e4higkeit des menschlichen Geistes, trotz Widrigkeiten zu bestehen. Durch meine Erz\u00e4hlungen teile ich:<\/p>\n\n\n\n<ul class=\"wp-block-list\">\n<li><strong>Vorbereitungstechniken<\/strong>: Tipps und Strategien, die ich im Laufe der Jahre verfeinert habe, um mich besser auf unvorhergesehene Herausforderungen vorzubereiten.<\/li>\n\n\n\n<li><strong>Einblicke in das Krisenmanagement<\/strong>: Anekdoten aus dem wirklichen Leben und Lektionen zum Navigieren in den tr\u00fcben Gew\u00e4ssern von Krisen, egal ob sie politischer, wirtschaftlicher oder nat\u00fcrlicher Natur sind.<\/li>\n\n\n\n<li><strong>Wohlstand nach der Krise<\/strong>: Die Schritte, um nicht nur wieder auf die Beine zu kommen, sondern nach herausfordernden Situationen zu gedeihen und zu gedeihen.<\/li>\n<\/ul>\n\n\n\n<h3 class=\"wp-block-heading\">Warum SurviveUA.com lesen?<\/h3>\n\n\n\n<p>Man sagt, dass Erfahrung der beste Lehrer ist, aber der n\u00e4chstbeste ist, aus den Erfahrungen anderer zu lernen. Ob Sie:<\/p>\n\n\n\n<ul class=\"wp-block-list\">\n<li>Ein Ukrainer auf der Suche nach verst\u00e4ndlichen Geschichten und Ratschl\u00e4gen.<\/li>\n\n\n\n<li>Ein Expat in der Ukraine sucht Rat.<\/li>\n\n\n\n<li>Jeder auf der Welt, der Inspiration und Wissen zum \u00dcberleben \u2013 und Gedeihen \u2013 in Krisen sucht.<\/li>\n<\/ul>\n\n\n\n<p>SurviveUA.com bietet eine einzigartige Mischung aus pers\u00f6nlichen Erfahrungen, umsetzbaren Tipps und tiefgreifenden \u00dcberlegungen, um Sie durch die schwierigsten Herausforderungen des Lebens zu f\u00fchren.<\/p>\n\n\n\n<h3 class=\"wp-block-heading\">Begleite mich:<\/h3>\n\n\n\n<p>Tauchen Sie ein in meine Geschichten, lernen Sie aus meinen Erfahrungen und begeben wir uns auf eine Reise, um Herausforderungen in Sprungbretter zu verwandeln. Das Leben mag unvorhersehbar sein, aber mit der richtigen Einstellung und Vorbereitung k\u00f6nnen wir aus jeder Situation das Beste machen.<\/p>\n\n\n\n<hr class=\"wp-block-separator has-alpha-channel-opacity\"\/>\n\n\n\n<p><em>St\u00e4rken Sie Ihre Widerstandsf\u00e4higkeit, Anpassungsf\u00e4higkeit und Ihren Wohlstand mit SurviveUA.com.<\/em><\/p>","protected":false},"excerpt":{"rendered":"<p>Willkommen bei SurviveUA.com, Ihrem aufschlussreichen Fenster zum Gedeihen inmitten von Widrigkeiten in der Ukraine. Wer bin ich? Hallo, ich bin Stefan \u2013 ein seit zehn Jahren in der Ukraine lebender Mensch mit einer Geschichte, die so reich und<\/p>","protected":false},"author":1,"featured_media":0,"parent":0,"menu_order":0,"comment_status":"closed","ping_status":"closed","template":"","meta":{"footnotes":""},"class_list":["post-22","page","type-page","status-publish","hentry"],"featured_image_src":null,"acf":[],"ase":null,"_links":{"self":[{"href":"https:\/\/surviveua.com\/de\/wp-json\/wp\/v2\/pages\/22","targetHints":{"allow":["GET"]}}],"collection":[{"href":"https:\/\/surviveua.com\/de\/wp-json\/wp\/v2\/pages"}],"about":[{"href":"https:\/\/surviveua.com\/de\/wp-json\/wp\/v2\/types\/page"}],"author":[{"embeddable":true,"href":"https:\/\/surviveua.com\/de\/wp-json\/wp\/v2\/users\/1"}],"replies":[{"embeddable":true,"href":"https:\/\/surviveua.com\/de\/wp-json\/wp\/v2\/comments?post=22"}],"version-history":[{"count":5,"href":"https:\/\/surviveua.com\/de\/wp-json\/wp\/v2\/pages\/22\/revisions"}],"predecessor-version":[{"id":318,"href":"https:\/\/surviveua.com\/de\/wp-json\/wp\/v2\/pages\/22\/revisions\/318"}],"wp:attachment":[{"href":"https:\/\/surviveua.com\/de\/wp-json\/wp\/v2\/media?parent=22"}],"curies":[{"name":"wp","href":"https:\/\/api.w.org\/{rel}","templated":true}]}}